{"id":9616,"date":"2021-11-25T23:28:28","date_gmt":"2021-11-25T23:28:28","guid":{"rendered":"https:\/\/texmb.com\/?page_id=9616"},"modified":"2022-03-29T09:40:43","modified_gmt":"2022-03-29T09:40:43","slug":"taking-care","status":"publish","type":"page","link":"https:\/\/texmb.com\/en\/taking-care\/","title":{"rendered":"Taking Care"},"content":{"rendered":"<p>[vc_row full_width=&#8221;stretch_row&#8221; el_class=&#8221;hide-on-mobile&#8221; top_section_title=&#8221;&#8221; bottom_section_title=&#8221;&#8221;][vc_column css=&#8221;.vc_custom_1516009024901{padding-right: 0px !important;padding-left: 0px !important;}&#8221;][vc_empty_space height=&#8221;120px&#8221;][\/vc_column][\/vc_row][vc_row css=&#8221;.vc_custom_1645312549214{padding-top: 40px !important;padding-bottom: 40px !important;}&#8221;][vc_column]<header class=\"kd-section-title col-lg-12 text-center     vc_custom_1645312559974\" ><h2 class=\"separator_off\" >Taking Care<\/h2><\/header>[\/vc_column][\/vc_row][vc_row disable_element=&#8221;yes&#8221; css=&#8221;.vc_custom_1644976466871{margin-right: 60px !important;margin-left: 60px !important;}&#8221;][vc_column][vc_row_inner css=&#8221;.vc_custom_1644364992259{padding-top: 40px !important;}&#8221;][vc_column_inner width=&#8221;1\/4&#8243;][vc_single_image image=&#8221;8471&#8243; img_size=&#8221;full&#8221; alignment=&#8221;center&#8221;][\/vc_column_inner][vc_column_inner width=&#8221;1\/4&#8243; css=&#8221;.vc_custom_1641425955753{margin-left: -80px !important;padding-top: 120px !important;}&#8221;]<header class=\"kd-section-title col-lg-12 text-left  kd-animated fadeIn  \" data-animation-delay=200><h2 class=\"separator_off\" style=\"font-size: 120px;\">1<\/h2><h6 class=\"subtitle \" >Pendure o seu macram\u00e9 num espa\u00e7o com luz natural. Ambientes h\u00famidos ou exteriores s\u00e3o desaconselhados.<\/h6><\/header>[\/vc_column_inner][vc_column_inner width=&#8221;1\/4&#8243;][vc_single_image image=&#8221;8472&#8243; img_size=&#8221;full&#8221;][\/vc_column_inner][vc_column_inner width=&#8221;1\/4&#8243; css=&#8221;.vc_custom_1641425979519{margin-left: -40px !important;padding-top: 40px !important;}&#8221;]<header class=\"kd-section-title col-lg-12 text-left  kd-animated fadeIn  \" data-animation-delay=200><h2 class=\"separator_off\" >2<\/h2><h6 class=\"subtitle \" >Endireite as cordas com as m\u00e3os para que o seu macram\u00e9 fique corretamente disposto.<\/h6><\/header>[\/vc_column_inner][\/vc_row_inner][\/vc_column][\/vc_row][vc_row disable_element=&#8221;yes&#8221;][vc_column][vc_empty_space height=&#8221;64px&#8221;][\/vc_column][\/vc_row][vc_row disable_element=&#8221;yes&#8221;][vc_column][vc_row_inner][vc_column_inner width=&#8221;1\/4&#8243;][vc_single_image image=&#8221;8468&#8243; img_size=&#8221;full&#8221;][\/vc_column_inner][vc_column_inner width=&#8221;1\/4&#8243; css=&#8221;.vc_custom_1641425955753{margin-left: -80px !important;padding-top: 120px !important;}&#8221;]<header class=\"kd-section-title col-lg-12 text-left  kd-animated fadeIn  \" data-animation-delay=200><h2 class=\"separator_off\" >3<\/h2><h6 class=\"subtitle \" >Penteie as franjas.<\/h6><\/header>[\/vc_column_inner][vc_column_inner width=&#8221;1\/4&#8243;][vc_single_image image=&#8221;8467&#8243; img_size=&#8221;full&#8221;][\/vc_column_inner][vc_column_inner width=&#8221;1\/4&#8243; css=&#8221;.vc_custom_1641425979519{margin-left: -40px !important;padding-top: 40px !important;}&#8221;]<header class=\"kd-section-title col-lg-12 text-left  kd-animated fadeIn  \" data-animation-delay=200><h2 class=\"separator_off\" >4<\/h2><h6 class=\"subtitle \" >Retire o p\u00f3 delicadamente e com frequ\u00eancia.<\/h6><\/header>[\/vc_column_inner][\/vc_row_inner][\/vc_column][\/vc_row][vc_row disable_element=&#8221;yes&#8221;][vc_column][vc_row_inner][vc_column_inner width=&#8221;1\/4&#8243;][\/vc_column_inner][vc_column_inner width=&#8221;1\/4&#8243;][vc_single_image img_size=&#8221;full&#8221;][\/vc_column_inner][vc_column_inner width=&#8221;1\/4&#8243; css=&#8221;.vc_custom_1641425955753{margin-left: -80px !important;padding-top: 120px !important;}&#8221;]<header class=\"kd-section-title col-lg-12 text-left  kd-animated fadeIn  \" data-animation-delay=200><h2 class=\"separator_off\" >Passo 5<\/h2><h6 class=\"subtitle \" >Se vai ficar fora de casa durante muito tempo, \u00e9 ainda aconselh\u00e1vel que cubra a pe\u00e7a com um len\u00e7ol. N\u00e3o use pl\u00e1stico.<\/h6><\/header>[\/vc_column_inner][vc_column_inner width=&#8221;1\/4&#8243; css=&#8221;.vc_custom_1641425979519{margin-left: -40px !important;padding-top: 40px !important;}&#8221;][\/vc_column_inner][\/vc_row_inner][\/vc_column][\/vc_row][vc_row][vc_column][vc_single_image image=&#8221;9618&#8243; img_size=&#8221;full&#8221;][\/vc_column][\/vc_row][vc_row][vc_column][vc_empty_space height=&#8221;64px&#8221;][\/vc_column][\/vc_row][vc_row full_width=&#8221;stretch_row&#8221; css=&#8221;.vc_custom_1539081618071{background-color: #f5f5f5 !important;}&#8221;][vc_column css=&#8221;.vc_custom_1516095014613{padding-right: 0px !important;padding-left: 0px !important;}&#8221;][vc_row_inner css=&#8221;.vc_custom_1644971670336{padding-top: 100px !important;padding-bottom: 100px !important;}&#8221;][vc_column_inner width=&#8221;1\/6&#8243;][\/vc_column_inner][vc_column_inner width=&#8221;2\/3&#8243;][vc_custom_heading text=&#8221;News and inspiration. Subscribe to our newsletter!&#8221; font_container=&#8221;tag:h3|text_align:center&#8221; use_theme_fonts=&#8221;yes&#8221; css_animation=&#8221;fadeIn&#8221; css=&#8221;.vc_custom_1646095886751{margin-bottom: 50px !important;}&#8221;]<div class=\"kd-contact-form inline-cf white-input-bg\" >\n<div class=\"wpcf7 no-js\" id=\"wpcf7-f9855-o1\" lang=\"en-US\" dir=\"ltr\" data-wpcf7-id=\"9855\">\n<div class=\"screen-reader-response\"><p role=\"status\" aria-live=\"polite\" aria-atomic=\"true\"><\/p> <ul><\/ul><\/div>\n<form action=\"\/en\/wp-json\/wp\/v2\/pages\/9616#wpcf7-f9855-o1\" method=\"post\" class=\"wpcf7-form init\" aria-label=\"Contact form\" novalidate=\"novalidate\" data-status=\"init\">\n<fieldset class=\"hidden-fields-container\"><input type=\"hidden\" name=\"_wpcf7\" value=\"9855\" \/><input type=\"hidden\" name=\"_wpcf7_version\" value=\"6.1.4\" \/><input type=\"hidden\" name=\"_wpcf7_locale\" value=\"en_US\" \/><input type=\"hidden\" name=\"_wpcf7_unit_tag\" value=\"wpcf7-f9855-o1\" \/><input type=\"hidden\" name=\"_wpcf7_container_post\" value=\"0\" \/><input type=\"hidden\" name=\"_wpcf7_posted_data_hash\" value=\"\" \/><input type=\"hidden\" name=\"_wpcf7_recaptcha_response\" value=\"\" \/>\n<\/fieldset>\n<p><span class=\"wpcf7-form-control-wrap\" data-name=\"email-subscribe\"><input size=\"40\" maxlength=\"400\" class=\"wpcf7-form-control wpcf7-email wpcf7-validates-as-required wpcf7-text wpcf7-validates-as-email\" aria-required=\"true\" aria-invalid=\"false\" placeholder=\"Enter your e-mail address\" value=\"\" type=\"email\" name=\"email-subscribe\" \/><\/span><br \/>\n<input class=\"wpcf7-form-control wpcf7-submit has-spinner\" type=\"submit\" value=\"Subscribe\" \/><br \/>\n<span class=\"wpcf7-form-control-wrap\" data-name=\"acceptance-559\"><span class=\"wpcf7-form-control wpcf7-acceptance\"><span class=\"wpcf7-list-item\"><label><input type=\"checkbox\" name=\"acceptance-559\" value=\"1\" aria-invalid=\"false\" \/><span class=\"wpcf7-list-item-label\">I have read and accept the <a href=\"https:\/\/texmb.com\/en\/privacy-policy\/\">Privacy Policy<\/a> and the <a href=\"https:\/\/texmb.com\/en\/terms-of-use\/\">Terms of Use<\/a> for the processing of personal data by TEX MB.<\/span><\/label><\/span><\/span><\/span>\n<\/p><input type='hidden' class='wpcf7-pum' value='{\"closepopup\":false,\"closedelay\":0,\"openpopup\":false,\"openpopup_id\":0}' \/><div class=\"wpcf7-response-output\" aria-hidden=\"true\"><\/div>\n<\/form>\n<\/div>\n<\/div>[vc_empty_space height=&#8221;16px&#8221;][\/vc_column_inner][vc_column_inner width=&#8221;1\/6&#8243;][\/vc_column_inner][\/vc_row_inner][\/vc_column][\/vc_row]<\/p>\n","protected":false},"excerpt":{"rendered":"<p>[vc_row full_width=&#8221;stretch_row&#8221; el_class=&#8221;hide-on-mobile&#8221; top_section_title=&#8221;&#8221; bottom_section_title=&#8221;&#8221;][vc_column css=&#8221;.vc_custom_1516009024901{padding-right: 0px !important;padding-left: 0px !important;}&#8221;][vc_empty_space height=&#8221;120px&#8221;][\/vc_column][\/vc_row][vc_row css=&#8221;.vc_custom_1645312549214{padding-top: 40px !important;padding-bottom: 40px !important;}&#8221;][vc_column][\/vc_column][\/vc_row][vc_row disable_element=&#8221;yes&#8221; css=&#8221;.vc_custom_1644976466871{margin-right: 60px !important;margin-left: [&hellip;]<\/p>\n","protected":false},"author":1,"featured_media":0,"parent":0,"menu_order":0,"comment_status":"closed","ping_status":"closed","template":"","meta":{"footnotes":""},"class_list":["post-9616","page","type-page","status-publish","hentry"],"yoast_head":"<!-- This site is optimized with the Yoast SEO plugin v26.6 - https:\/\/yoast.com\/wordpress\/plugins\/seo\/ -->\n<title>Taking Care - TEX MB<\/title>\n<meta name=\"robots\" content=\"index, follow, max-snippet:-1, max-image-preview:large, max-video-preview:-1\" \/>\n<link rel=\"canonical\" href=\"https:\/\/texmb.com\/en\/taking-care\/\" \/>\n<meta property=\"og:locale\" content=\"en_US\" \/>\n<meta property=\"og:type\" content=\"article\" \/>\n<meta property=\"og:title\" content=\"Taking Care - TEX MB\" \/>\n<meta property=\"og:description\" content=\"[vc_row full_width=&#8221;stretch_row&#8221; el_class=&#8221;hide-on-mobile&#8221; top_section_title=&#8221;&#8221; bottom_section_title=&#8221;&#8221;][vc_column css=&#8221;.vc_custom_1516009024901{padding-right: 0px !important;padding-left: 0px !important;}&#8221;][vc_empty_space height=&#8221;120px&#8221;][\/vc_column][\/vc_row][vc_row css=&#8221;.vc_custom_1645312549214{padding-top: 40px !important;padding-bottom: 40px !important;}&#8221;][vc_column][\/vc_column][\/vc_row][vc_row disable_element=&#8221;yes&#8221; css=&#8221;.vc_custom_1644976466871{margin-right: 60px !important;margin-left: [&hellip;]\" \/>\n<meta property=\"og:url\" content=\"https:\/\/texmb.com\/en\/taking-care\/\" \/>\n<meta property=\"og:site_name\" content=\"TEX MB\" \/>\n<meta property=\"article:publisher\" content=\"https:\/\/pt-pt.facebook.com\/texmb.decor\/\" \/>\n<meta property=\"article:modified_time\" content=\"2022-03-29T09:40:43+00:00\" \/>\n<meta name=\"twitter:card\" content=\"summary_large_image\" \/>\n<meta name=\"twitter:label1\" content=\"Est. reading time\" \/>\n\t<meta name=\"twitter:data1\" content=\"2 minutes\" \/>\n<script type=\"application\/ld+json\" class=\"yoast-schema-graph\">{\"@context\":\"https:\/\/schema.org\",\"@graph\":[{\"@type\":\"WebPage\",\"@id\":\"https:\/\/texmb.com\/en\/taking-care\/\",\"url\":\"https:\/\/texmb.com\/en\/taking-care\/\",\"name\":\"Taking Care - TEX MB\",\"isPartOf\":{\"@id\":\"https:\/\/texmb.com\/#website\"},\"datePublished\":\"2021-11-25T23:28:28+00:00\",\"dateModified\":\"2022-03-29T09:40:43+00:00\",\"breadcrumb\":{\"@id\":\"https:\/\/texmb.com\/en\/taking-care\/#breadcrumb\"},\"inLanguage\":\"en-US\",\"potentialAction\":[{\"@type\":\"ReadAction\",\"target\":[\"https:\/\/texmb.com\/en\/taking-care\/\"]}]},{\"@type\":\"BreadcrumbList\",\"@id\":\"https:\/\/texmb.com\/en\/taking-care\/#breadcrumb\",\"itemListElement\":[{\"@type\":\"ListItem\",\"position\":1,\"name\":\"In\u00edcio\",\"item\":\"https:\/\/texmb.com\/en\/\"},{\"@type\":\"ListItem\",\"position\":2,\"name\":\"Taking Care\"}]},{\"@type\":\"WebSite\",\"@id\":\"https:\/\/texmb.com\/#website\",\"url\":\"https:\/\/texmb.com\/\",\"name\":\"TEX MB\",\"description\":\"Macram\u00e9 | Tex Mb | Lisboa\",\"publisher\":{\"@id\":\"https:\/\/texmb.com\/#organization\"},\"potentialAction\":[{\"@type\":\"SearchAction\",\"target\":{\"@type\":\"EntryPoint\",\"urlTemplate\":\"https:\/\/texmb.com\/?s={search_term_string}\"},\"query-input\":{\"@type\":\"PropertyValueSpecification\",\"valueRequired\":true,\"valueName\":\"search_term_string\"}}],\"inLanguage\":\"en-US\"},{\"@type\":\"Organization\",\"@id\":\"https:\/\/texmb.com\/#organization\",\"name\":\"TEX MB\",\"url\":\"https:\/\/texmb.com\/\",\"logo\":{\"@type\":\"ImageObject\",\"inLanguage\":\"en-US\",\"@id\":\"https:\/\/texmb.com\/#\/schema\/logo\/image\/\",\"url\":\"https:\/\/texmb.com\/wp-content\/uploads\/2021\/11\/TEXMB_Logo_P_B-e1636583171973.webp\",\"contentUrl\":\"https:\/\/texmb.com\/wp-content\/uploads\/2021\/11\/TEXMB_Logo_P_B-e1636583171973.webp\",\"width\":359,\"height\":167,\"caption\":\"TEX MB\"},\"image\":{\"@id\":\"https:\/\/texmb.com\/#\/schema\/logo\/image\/\"},\"sameAs\":[\"https:\/\/pt-pt.facebook.com\/texmb.decor\/\",\"https:\/\/www.instagram.com\/tex_mb\/\",\"https:\/\/www.pinterest.pt\/texmb\/\"]}]}<\/script>\n<!-- \/ Yoast SEO plugin. -->","yoast_head_json":{"title":"Taking Care - TEX MB","robots":{"index":"index","follow":"follow","max-snippet":"max-snippet:-1","max-image-preview":"max-image-preview:large","max-video-preview":"max-video-preview:-1"},"canonical":"https:\/\/texmb.com\/en\/taking-care\/","og_locale":"en_US","og_type":"article","og_title":"Taking Care - TEX MB","og_description":"[vc_row full_width=&#8221;stretch_row&#8221; el_class=&#8221;hide-on-mobile&#8221; top_section_title=&#8221;&#8221; bottom_section_title=&#8221;&#8221;][vc_column css=&#8221;.vc_custom_1516009024901{padding-right: 0px !important;padding-left: 0px !important;}&#8221;][vc_empty_space height=&#8221;120px&#8221;][\/vc_column][\/vc_row][vc_row css=&#8221;.vc_custom_1645312549214{padding-top: 40px !important;padding-bottom: 40px !important;}&#8221;][vc_column][\/vc_column][\/vc_row][vc_row disable_element=&#8221;yes&#8221; css=&#8221;.vc_custom_1644976466871{margin-right: 60px !important;margin-left: [&hellip;]","og_url":"https:\/\/texmb.com\/en\/taking-care\/","og_site_name":"TEX MB","article_publisher":"https:\/\/pt-pt.facebook.com\/texmb.decor\/","article_modified_time":"2022-03-29T09:40:43+00:00","twitter_card":"summary_large_image","twitter_misc":{"Est. reading time":"2 minutes"},"schema":{"@context":"https:\/\/schema.org","@graph":[{"@type":"WebPage","@id":"https:\/\/texmb.com\/en\/taking-care\/","url":"https:\/\/texmb.com\/en\/taking-care\/","name":"Taking Care - TEX MB","isPartOf":{"@id":"https:\/\/texmb.com\/#website"},"datePublished":"2021-11-25T23:28:28+00:00","dateModified":"2022-03-29T09:40:43+00:00","breadcrumb":{"@id":"https:\/\/texmb.com\/en\/taking-care\/#breadcrumb"},"inLanguage":"en-US","potentialAction":[{"@type":"ReadAction","target":["https:\/\/texmb.com\/en\/taking-care\/"]}]},{"@type":"BreadcrumbList","@id":"https:\/\/texmb.com\/en\/taking-care\/#breadcrumb","itemListElement":[{"@type":"ListItem","position":1,"name":"In\u00edcio","item":"https:\/\/texmb.com\/en\/"},{"@type":"ListItem","position":2,"name":"Taking Care"}]},{"@type":"WebSite","@id":"https:\/\/texmb.com\/#website","url":"https:\/\/texmb.com\/","name":"TEX MB","description":"Macram\u00e9 | Tex Mb | Lisboa","publisher":{"@id":"https:\/\/texmb.com\/#organization"},"potentialAction":[{"@type":"SearchAction","target":{"@type":"EntryPoint","urlTemplate":"https:\/\/texmb.com\/?s={search_term_string}"},"query-input":{"@type":"PropertyValueSpecification","valueRequired":true,"valueName":"search_term_string"}}],"inLanguage":"en-US"},{"@type":"Organization","@id":"https:\/\/texmb.com\/#organization","name":"TEX MB","url":"https:\/\/texmb.com\/","logo":{"@type":"ImageObject","inLanguage":"en-US","@id":"https:\/\/texmb.com\/#\/schema\/logo\/image\/","url":"https:\/\/texmb.com\/wp-content\/uploads\/2021\/11\/TEXMB_Logo_P_B-e1636583171973.webp","contentUrl":"https:\/\/texmb.com\/wp-content\/uploads\/2021\/11\/TEXMB_Logo_P_B-e1636583171973.webp","width":359,"height":167,"caption":"TEX MB"},"image":{"@id":"https:\/\/texmb.com\/#\/schema\/logo\/image\/"},"sameAs":["https:\/\/pt-pt.facebook.com\/texmb.decor\/","https:\/\/www.instagram.com\/tex_mb\/","https:\/\/www.pinterest.pt\/texmb\/"]}]}},"_links":{"self":[{"href":"https:\/\/texmb.com\/en\/wp-json\/wp\/v2\/pages\/9616","targetHints":{"allow":["GET"]}}],"collection":[{"href":"https:\/\/texmb.com\/en\/wp-json\/wp\/v2\/pages"}],"about":[{"href":"https:\/\/texmb.com\/en\/wp-json\/wp\/v2\/types\/page"}],"author":[{"embeddable":true,"href":"https:\/\/texmb.com\/en\/wp-json\/wp\/v2\/users\/1"}],"replies":[{"embeddable":true,"href":"https:\/\/texmb.com\/en\/wp-json\/wp\/v2\/comments?post=9616"}],"version-history":[{"count":5,"href":"https:\/\/texmb.com\/en\/wp-json\/wp\/v2\/pages\/9616\/revisions"}],"predecessor-version":[{"id":10006,"href":"https:\/\/texmb.com\/en\/wp-json\/wp\/v2\/pages\/9616\/revisions\/10006"}],"wp:attachment":[{"href":"https:\/\/texmb.com\/en\/wp-json\/wp\/v2\/media?parent=9616"}],"curies":[{"name":"wp","href":"https:\/\/api.w.org\/{rel}","templated":true}]}}